{"id":2792,"date":"2015-06-12T18:16:38","date_gmt":"2015-06-12T20:16:38","guid":{"rendered":"http:\/\/www.pastorjoao.com.br\/123\/?page_id=2792"},"modified":"2023-06-26T10:59:15","modified_gmt":"2023-06-26T12:59:15","slug":"products-page","status":"publish","type":"page","link":"https:\/\/www.pastorjoaodesouza.com.br\/123\/?page_id=2792","title":{"rendered":"Livraria Online"},"content":{"rendered":"<p>======================================<br \/>\nLIVROS PR.JO\u00c3O DE SOUZA<\/p>\n<p>O C\u00e9u R$50,00 + Frete R$9,00<br \/>\nCompre aqui: <a href=\"https:\/\/pag.ae\/7Zw-xCu66\">https:\/\/pag.ae\/7Zw-xCu66<\/a><\/p>\n<p>O Opositor R$40,00 + Frete R$9,00<br \/>\nCompre aqui: <a href=\"https:\/\/pag.ae\/7Zw-y6sTG\">https:\/\/pag.ae\/7Zw-y6sTG<\/a><\/p>\n<p>O Minist\u00e9rio de Louvor da Igreja R$60,00 + Frete R$9,00<br \/>\nCompre aqui: <a href=\"https:\/\/pag.ae\/7Zw-yBkr1\">https:\/\/pag.ae\/7Zw-yBkr1<\/a><\/p>\n<p>Coment\u00e1rio Anal\u00edtico de Paulo aos G\u00e1latas R$40,00 + Frete R$9,00<br \/>\nCompre aqui: <a href=\"https:\/\/pag.ae\/7Zw-zampr\">https:\/\/pag.ae\/7Zw-zampr<\/a><\/p>\n<p>Coment\u00e1rio Anal\u00edtico de Paulo aos Colossenses R$35,00 + Frete R$9,00<br \/>\nCompre aqui: <a href=\"https:\/\/pag.ae\/7Zw-zAfG3\">https:\/\/pag.ae\/7Zw-zAfG3<\/a><\/p>\n<p>Coment\u00e1rio Anal\u00edtico de Paulo aos Filipenses R$35,00 + R$9,00<br \/>\nCompre aqui: <a href=\"https:\/\/pag.ae\/7Zw-A1mKr\">https:\/\/pag.ae\/7Zw-A1mKr<\/a><br \/>\n======================================<\/p>\n","protected":false},"excerpt":{"rendered":"<p>====================================== LIVROS PR.JO\u00c3O DE SOUZA O C\u00e9u R$50,00 + Frete R$9,00 Compre aqui: https:\/\/pag.ae\/7Zw-xCu66 O Opositor R$40,00 + Frete R$9,00 Compre aqui: https:\/\/pag.ae\/7Zw-y6sTG O Minist\u00e9rio de Louvor da Igreja R$60,00&hellip; <\/p>\n","protected":false},"author":1,"featured_media":0,"parent":0,"menu_order":0,"comment_status":"closed","ping_status":"closed","template":"","meta":{"footnotes":""},"class_list":["post-2792","page","type-page","status-publish","hentry"],"_links":{"self":[{"href":"https:\/\/www.pastorjoaodesouza.com.br\/123\/index.php?rest_route=\/wp\/v2\/pages\/2792","targetHints":{"allow":["GET"]}}],"collection":[{"href":"https:\/\/www.pastorjoaodesouza.com.br\/123\/index.php?rest_route=\/wp\/v2\/pages"}],"about":[{"href":"https:\/\/www.pastorjoaodesouza.com.br\/123\/index.php?rest_route=\/wp\/v2\/types\/page"}],"author":[{"embeddable":true,"href":"https:\/\/www.pastorjoaodesouza.com.br\/123\/index.php?rest_route=\/wp\/v2\/users\/1"}],"replies":[{"embeddable":true,"href":"https:\/\/www.pastorjoaodesouza.com.br\/123\/index.php?rest_route=%2Fwp%2Fv2%2Fcomments&post=2792"}],"version-history":[{"count":3,"href":"https:\/\/www.pastorjoaodesouza.com.br\/123\/index.php?rest_route=\/wp\/v2\/pages\/2792\/revisions"}],"predecessor-version":[{"id":3468,"href":"https:\/\/www.pastorjoaodesouza.com.br\/123\/index.php?rest_route=\/wp\/v2\/pages\/2792\/revisions\/3468"}],"wp:attachment":[{"href":"https:\/\/www.pastorjoaodesouza.com.br\/123\/index.php?rest_route=%2Fwp%2Fv2%2Fmedia&parent=2792"}],"curies":[{"name":"wp","href":"https:\/\/api.w.org\/{rel}","templated":true}]}}