{"id":25,"date":"2009-12-01T09:52:17","date_gmt":"2009-12-01T11:52:17","guid":{"rendered":"http:\/\/www.pastorjoao.com.br\/123\/?page_id=25"},"modified":"2013-06-24T12:59:23","modified_gmt":"2013-06-24T14:59:23","slug":"biografia","status":"publish","type":"page","link":"https:\/\/www.pastorjoaodesouza.com.br\/123\/?page_id=25","title":{"rendered":"Biografia"},"content":{"rendered":"<p style=\"text-align: left;\">\n<p style=\"text-align: center;\"><object width=\"500\" height=\"160\" classid=\"clsid:d27cdb6e-ae6d-11cf-96b8-444553540000\" codebase=\"http:\/\/download.macromedia.com\/pub\/shockwave\/cabs\/flash\/swflash.cab#version=6,0,40,0\"><param name=\"src\" value=\"http:\/\/www.pastorjoao.com.br\/123\/wp-content\/uploads\/2010\/12\/pr_Joao2.swf\" \/><embed width=\"500\" height=\"160\" type=\"application\/x-shockwave-flash\" src=\"http:\/\/www.pastorjoao.com.br\/123\/wp-content\/uploads\/2010\/12\/pr_Joao2.swf\" \/><\/object><\/p>\n<p style=\"text-align: left;\">\n<p style=\"text-align: left;\">\n<p style=\"text-align: justify;\"><span>Jo\u00e3o Ant\u00f4nio de Souza Filho nasceu na Barra do Ariri\u00fa, uma col\u00f4nia de pescadores em Palho\u00e7a, Santa Catarina. Aos quatros anos de idade seus pais migraram para Porto Alegre onde cresceu, estudou e se converteu a Cristo. Aos 17 anos come\u00e7ou o curso de teologia no Instituto B\u00edblico das Assembl\u00e9ias de Deus em Pindamonhangaba, S\u00e3o Paulo. Em 1968 passou a residir no Estado do Rio de Janeiro trabalhando com a equipe do mission\u00e1rio Bernhard Johnson, e em Julho de 1969 foi ordenado ao minist\u00e9rio pastoral por Louren\u00e7o Olson e Jos\u00e9 de Carvalho na Conven\u00e7\u00e3o das Assembl\u00e9ias de Deus do Rio de Janeiro.<\/span><\/p>\n<p style=\"text-align: justify;\">\n<p style=\"text-align: justify;\">Trabalhou como mission\u00e1rio na KGEI \u2013 A Voz da Amizade \u2013 emissora de r\u00e1dio em S\u00e3o Francisco Calif\u00f3rnia onde ficou um ano e meio. Retornou para o Brasil e se casou com Vanda Zalewski. Tem dois filhos e tr\u00eas netos. Depois de cooperar com as Assembl\u00e9ias de Deus no Estado do Rio de Janeiro, mudou-se definitivamente para Porto Alegre, e, em 1976 iniciou a primeira comunidade crist\u00e3 na cidade \u2013 e qui\u00e7\u00e1 no Brasil. Viajou os quatro cantos do pa\u00eds fortalecendo irm\u00e3os que eram expulsos de suas denomina\u00e7\u00f5es por haverem recebido o batismo no Esp\u00edrito Santo e com eles iniciava novas igrejas, estilo comunidade crist\u00e3.<\/p>\n<p style=\"text-align: justify;\">Homem de vis\u00e3o sobre o futuro da igreja Pastor Jo\u00e3o ocupa seu tempo estudando, escrevendo e pregando, especialmente com uma palavra de advert\u00eancia aos principais l\u00edderes sobre os rumos que a igreja deve tomar neste terceiro mil\u00eanio da hist\u00f3ria crist\u00e3. Pastoreia v\u00e1rios pastores.<\/p>\n<p style=\"text-align: justify;\">Fluente em ingl\u00eas e espanhol, tradutor e int\u00e9rprete loquaz pregou nos quatro cantos do globo e, durante a guerra fria contrabandeou livros e B\u00edblias para os pa\u00edses da antiga cortina de ferro. Nos \u00faltimos trinta anos, Jo\u00e3o A. de Souza Filho ministrou nas principais igrejas e denomina\u00e7\u00f5es brasileiras e se identifica plenamente com todo o corpo de Cristo no Brasil, desde as denomina\u00e7\u00f5es hist\u00f3ricas, as pentecostais, neopentecostais e comunidades crist\u00e3s. Autor de 41 livros \u2013 cinco na \u00e1rea de louvor e adora\u00e7\u00e3o e outros cinco sobre batalha espiritual, pastor Jo\u00e3ozinho \u2013 como ficou conhecido pelos mais \u00edntimos viaja como conferencista, com uma palavra prof\u00e9tica e de ensino para a igreja. Atualmente reside no Estado do Rio Grande do Sul de onde sai a servi\u00e7o do Reino de Deus.<\/p>\n<p style=\"text-align: center;\"><span><a href=\"http:\/\/www.pastorjoao.com.br\/123\/wp-content\/uploads\/2009\/12\/john.gif\"><img loading=\"lazy\" decoding=\"async\" class=\"size-full wp-image-491 alignnone\" title=\"john\" alt=\"\" src=\"http:\/\/www.pastorjoao.com.br\/123\/wp-content\/uploads\/2009\/12\/john.gif\" width=\"314\" height=\"236\" srcset=\"https:\/\/www.pastorjoaodesouza.com.br\/123\/wp-content\/uploads\/2009\/12\/john.gif 314w, https:\/\/www.pastorjoaodesouza.com.br\/123\/wp-content\/uploads\/2009\/12\/john-300x225.gif 300w\" sizes=\"auto, (max-width: 314px) 100vw, 314px\" \/><\/a><\/span><\/p>\n","protected":false},"excerpt":{"rendered":"<p>Jo\u00e3o Ant\u00f4nio de Souza Filho nasceu na Barra do Ariri\u00fa, uma col\u00f4nia de pescadores em Palho\u00e7a, Santa Catarina. Aos quatros anos de idade seus pais migraram para Porto Alegre onde&hellip; <\/p>\n","protected":false},"author":1,"featured_media":0,"parent":0,"menu_order":0,"comment_status":"closed","ping_status":"closed","template":"","meta":{"footnotes":""},"class_list":["post-25","page","type-page","status-publish","hentry"],"_links":{"self":[{"href":"https:\/\/www.pastorjoaodesouza.com.br\/123\/index.php?rest_route=\/wp\/v2\/pages\/25","targetHints":{"allow":["GET"]}}],"collection":[{"href":"https:\/\/www.pastorjoaodesouza.com.br\/123\/index.php?rest_route=\/wp\/v2\/pages"}],"about":[{"href":"https:\/\/www.pastorjoaodesouza.com.br\/123\/index.php?rest_route=\/wp\/v2\/types\/page"}],"author":[{"embeddable":true,"href":"https:\/\/www.pastorjoaodesouza.com.br\/123\/index.php?rest_route=\/wp\/v2\/users\/1"}],"replies":[{"embeddable":true,"href":"https:\/\/www.pastorjoaodesouza.com.br\/123\/index.php?rest_route=%2Fwp%2Fv2%2Fcomments&post=25"}],"version-history":[{"count":0,"href":"https:\/\/www.pastorjoaodesouza.com.br\/123\/index.php?rest_route=\/wp\/v2\/pages\/25\/revisions"}],"wp:attachment":[{"href":"https:\/\/www.pastorjoaodesouza.com.br\/123\/index.php?rest_route=%2Fwp%2Fv2%2Fmedia&parent=25"}],"curies":[{"name":"wp","href":"https:\/\/api.w.org\/{rel}","templated":true}]}}