{"id":14,"date":"2009-12-01T09:49:22","date_gmt":"2009-12-01T11:49:22","guid":{"rendered":"http:\/\/www.pastorjoao.com.br\/123\/?page_id=14"},"modified":"2011-04-29T18:13:26","modified_gmt":"2011-04-29T20:13:26","slug":"doacoes","status":"publish","type":"page","link":"https:\/\/www.pastorjoaodesouza.com.br\/123\/?page_id=14","title":{"rendered":"Doa\u00e7\u00f5es"},"content":{"rendered":"<p style=\"text-align: center;\"><strong><span style=\"font-family: Georgia;\"> <\/span><\/strong><strong><span style=\"font-family: Georgia;\"> <\/span><\/strong><\/p>\n<p style=\"text-align: center;\"><object classid=\"clsid:d27cdb6e-ae6d-11cf-96b8-444553540000\" width=\"500\" height=\"160\" codebase=\"http:\/\/download.macromedia.com\/pub\/shockwave\/cabs\/flash\/swflash.cab#version=6,0,40,0\"><param name=\"src\" value=\"http:\/\/www.pastorjoao.com.br\/123\/wp-content\/uploads\/2010\/12\/pr_Joao2.swf\" \/><embed type=\"application\/x-shockwave-flash\" width=\"500\" height=\"160\" src=\"http:\/\/www.pastorjoao.com.br\/123\/wp-content\/uploads\/2010\/12\/pr_Joao2.swf\"><\/embed><\/object><\/p>\n<p style=\"text-align: center;\">&nbsp;<\/p>\n<p style=\"text-align: center;\"><strong><span style=\"font-family: Georgia;\">Seja um mantenedor do Minist\u00e9rio do<\/span><\/strong><\/p>\n<p style=\"text-align: center;\"><strong> <\/strong><\/p>\n<p style=\"text-align: center;\"><strong> <span style=\"font-family: Georgia;\"> Pastor e Escritor<\/span><\/strong><\/p>\n<p style=\"text-align: center;\"><strong> <\/strong><\/p>\n<p style=\"text-align: center;\"><strong> <span style=\"font-family: Georgia;\"> Jo\u00e3o A. de Souza Filho <\/span><\/strong><\/p>\n<p><strong> <\/strong> <strong> <\/strong><\/p>\n<p>Caros Irm\u00e3os e Amigos em Cristo<\/p>\n<p>Muitas pessoas  \t\t\tt\u00eam mostrado interesse em cooperar com o minist\u00e9rio do Pr. Jo\u00e3o,  \t\t\tpara que ele se dedique ao seu chamamento integralmente. Al\u00e9m disso,  \t\t\to Pr. Jo\u00e3o colabora com ofertas no sustento de mission\u00e1rios, muitos  \t\t\tdeles em lugares carentes onde os recursos s\u00e3o parcos e quase  \t\t\tinsuficientes para suprir as necessidades deles.<\/p>\n<p>O Pr. Jo\u00e3o vive de prebendas \u2013  \t\t\tisto \u00e9, ofertas de amor vindas de irm\u00e3os comprometidos com o Reino  \t\t\tde Deus e da venda de seus livros. O pastor Jo\u00e3o tem sido cauteloso  \t\t\tnesta \u00e1rea em que lobos e mercen\u00e1rios agem sorrateiramente e tem se  \t\t\tmostrado reticente em fazer quaisquer apelos financeiros. Assim,  \t\t\tabrimos espa\u00e7o \u00e0queles que o conhecem e querem colaborar com seu  \t\t\tminist\u00e9rio.<\/p>\n<p>Caso voc\u00ea queira se tornar um  \t\t\tparceiro ministerial, pode fazer seu dep\u00f3sito e identificar-se  \t\t\tatrav\u00e9s do site.<\/p>\n<p>Ou se preferir fa\u00e7a sua doa\u00e7\u00e3o via online com total seguran\u00e7a e discri\u00e7\u00e3o<br \/>\n<!-- INICIO FORMULARIO BOTAO PAGSEGURO --><\/p>\n<form action=\"https:\/\/pagseguro.uol.com.br\/checkout\/doacao.jhtml\" method=\"post\"> <input name=\"email_cobranca\" type=\"hidden\" value=\"economista.rs@gmail.com\" \/><br \/>\n<input name=\"moeda\" type=\"hidden\" value=\"BRL\" \/><br \/>\n<input alt=\"Pague com PagSeguro - \u00e9 r\u00e1pido, gr\u00e1tis e seguro!\" name=\"submit\" src=\"https:\/\/p.simg.uol.com.br\/out\/pagseguro\/i\/botoes\/doacoes\/205x30-doar-roxo.gif\" type=\"image\" \/><br \/>\n<\/form>\n<p><!-- FINAL FORMULARIO BOTAO PAGSEGURO --><\/p>\n<p>No amor do Senhor Jesus Cristo<\/p>\n<p>A equipe que tem ajudado o Pastor Jo\u00e3o a desenvolver seu minist\u00e9rio agradece<\/p>\n","protected":false},"excerpt":{"rendered":"<p>&nbsp; Seja um mantenedor do Minist\u00e9rio do Pastor e Escritor Jo\u00e3o A. de Souza Filho Caros Irm\u00e3os e Amigos em Cristo Muitas pessoas t\u00eam mostrado interesse em cooperar com o&hellip; <\/p>\n","protected":false},"author":1,"featured_media":0,"parent":0,"menu_order":0,"comment_status":"open","ping_status":"open","template":"","meta":{"footnotes":""},"class_list":["post-14","page","type-page","status-publish","hentry"],"_links":{"self":[{"href":"https:\/\/www.pastorjoaodesouza.com.br\/123\/index.php?rest_route=\/wp\/v2\/pages\/14","targetHints":{"allow":["GET"]}}],"collection":[{"href":"https:\/\/www.pastorjoaodesouza.com.br\/123\/index.php?rest_route=\/wp\/v2\/pages"}],"about":[{"href":"https:\/\/www.pastorjoaodesouza.com.br\/123\/index.php?rest_route=\/wp\/v2\/types\/page"}],"author":[{"embeddable":true,"href":"https:\/\/www.pastorjoaodesouza.com.br\/123\/index.php?rest_route=\/wp\/v2\/users\/1"}],"replies":[{"embeddable":true,"href":"https:\/\/www.pastorjoaodesouza.com.br\/123\/index.php?rest_route=%2Fwp%2Fv2%2Fcomments&post=14"}],"version-history":[{"count":0,"href":"https:\/\/www.pastorjoaodesouza.com.br\/123\/index.php?rest_route=\/wp\/v2\/pages\/14\/revisions"}],"wp:attachment":[{"href":"https:\/\/www.pastorjoaodesouza.com.br\/123\/index.php?rest_route=%2Fwp%2Fv2%2Fmedia&parent=14"}],"curies":[{"name":"wp","href":"https:\/\/api.w.org\/{rel}","templated":true}]}}